{"id":3,"date":"2018-12-08T12:01:26","date_gmt":"2018-12-08T12:01:26","guid":{"rendered":"http:\/\/ebnerbaeck.de\/?page_id=3"},"modified":"2019-11-05T17:25:03","modified_gmt":"2019-11-05T17:25:03","slug":"privacy-policy","status":"publish","type":"page","link":"http:\/\/ebnerbaeck.de\/?page_id=3","title":{"rendered":"Datenschutzerkl\u00e4rung"},"content":{"rendered":"<h2>Wer wir sind<\/h2>\n<p class=\"privacy-policy-tutorial\">Martin Ebner B\u00e4ckerei-Konditorei<br \/>\nHauptstr. 12<br \/>\n68794 Oberhausen-Rheinhausen<\/p>\n<p>Die Adresse unserer Website ist: http:\/\/ebnerbaeck.de.<\/p>\n<h2>Welche personenbezogenen Daten wir sammeln und warum wir sie sammeln<\/h2>\n<p class=\"privacy-policy-tutorial\">Diese Webseite wurde mit WordPress erstellt.<\/p>\n<p class=\"privacy-policy-tutorial\">Standardm\u00e4\u00dfig sammelt WordPress keine personenbezogenen Daten \u00fcber Benutzer und sammelt nur die Daten, die im Profil eines registrierten Benutzers angezeigt werden.<\/p>\n<h3>Kommentare<\/h3>\n<p>Wenn Besucher Kommentare auf der Website schreiben, sammeln wir die Daten, die im Kommentar-Formular angezeigt werden, au\u00dferdem die IP-Adresse des Besuchers und den User-Agent-String (damit wird der Browser identifiziert), um die Erkennung von Spam zu unterst\u00fctzen.<\/p>\n<p>Aus deiner E-Mail-Adresse kann eine anonymisierte Zeichenfolge erstellt (auch Hash genannt) und dem Gravatar-Dienst \u00fcbergeben werden, um zu pr\u00fcfen, ob du diesen benutzt. Die Datenschutzerkl\u00e4rung des Gravatar-Dienstes findest du hier: https:\/\/automattic.com\/privacy\/. Nachdem dein Kommentar freigegeben wurde, ist dein Profilbild \u00f6ffentlich im Kontext deines Kommentars sichtbar.<\/p>\n<h3>Medien<\/h3>\n<p>Wenn du ein registrierter Benutzer bist und Fotos auf diese Website l\u00e4dst, solltest du vermeiden, Fotos mit einem EXIF-GPS-Standort hochzuladen. Besucher dieser Website k\u00f6nnten Fotos, die auf dieser Website gespeichert sind, herunterladen und deren Standort-Informationen extrahieren.<\/p>\n<h3>Kontaktformulare<\/h3>\n<p class=\"privacy-policy-tutorial\">nicht vorhanden<\/p>\n<h3>Cookies<\/h3>\n<p>Wenn du einen Kommentar auf unserer Website schreibst, kann das eine Einwilligung sein, deinen Namen, E-Mail-Adresse und Website in Cookies zu speichern. Dies ist eine Komfortfunktion, damit du nicht, wenn du einen weiteren Kommentar schreibst, all diese Daten erneut eingeben musst. Diese Cookies werden ein Jahr lang gespeichert.<\/p>\n<p>Falls du ein Konto hast und dich auf dieser Website anmeldest, werden wir ein tempor\u00e4res Cookie setzen, um festzustellen, ob dein Browser Cookies akzeptiert. Dieses Cookie enth\u00e4lt keine personenbezogenen Daten und wird verworfen, wenn du deinen Browser schlie\u00dft.<\/p>\n<p>Wenn du dich anmeldest, werden wir einige Cookies einrichten, um deine Anmeldeinformationen und Anzeigeoptionen zu speichern. Anmelde-Cookies verfallen nach zwei Tagen und Cookies f\u00fcr die Anzeigeoptionen nach einem Jahr. Falls du bei der Anmeldung \u201eAngemeldet bleiben\u201c ausw\u00e4hlst, wird deine Anmeldung zwei Wochen lang aufrechterhalten. Mit der Abmeldung aus deinem Konto werden die Anmelde-Cookies gel\u00f6scht.<\/p>\n<p>Wenn du einen Artikel bearbeitest oder ver\u00f6ffentlichst, wird ein zus\u00e4tzlicher Cookie in deinem Browser gespeichert. Dieser Cookie enth\u00e4lt keine personenbezogenen Daten und verweist nur auf die Beitrags-ID des Artikels, den du gerade bearbeitet hast. Der Cookie verf\u00e4llt nach einem Tag.<\/p>\n<h3>Eingebettete Inhalte von anderen Websites<\/h3>\n<p>Beitr\u00e4ge auf dieser Website k\u00f6nnen eingebettete Inhalte beinhalten (z.\u00a0B. Videos, Bilder, Beitr\u00e4ge etc.). Eingebettete Inhalte von anderen Websites verhalten sich exakt so, als ob der Besucher die andere Website besucht h\u00e4tte.<\/p>\n<p>Diese Websites k\u00f6nnen Daten \u00fcber dich sammeln, Cookies benutzen, zus\u00e4tzliche Tracking-Dienste von Dritten einbetten und deine Interaktion mit diesem eingebetteten Inhalt aufzeichnen, inklusive deiner Interaktion mit dem eingebetteten Inhalt, falls du ein Konto hast und auf dieser Website angemeldet bist.<\/p>\n<h2>Wie lange wir deine Daten speichern<\/h2>\n<p>Wenn du einen Kommentar schreibst, wird dieser inklusive Metadaten zeitlich unbegrenzt gespeichert. Auf diese Art k\u00f6nnen wir Folgekommentare automatisch erkennen und freigeben, anstelle sie in einer Moderations-Warteschlange festzuhalten.<\/p>\n<p>F\u00fcr Benutzer, die sich auf unserer Website registrieren, speichern wir zus\u00e4tzlich die pers\u00f6nlichen Informationen, die sie in ihren Benutzerprofilen angeben. Alle Benutzer k\u00f6nnen jederzeit ihre pers\u00f6nlichen Informationen einsehen, ver\u00e4ndern oder l\u00f6schen (der Benutzername kann nicht ver\u00e4ndert werden). Administratoren der Website k\u00f6nnen diese Informationen ebenfalls einsehen und ver\u00e4ndern.<\/p>\n<h2>Welche Rechte du an deinen Daten hast<\/h2>\n<p>Wenn du ein Konto auf dieser Website besitzt oder Kommentare geschrieben hast, kannst du einen Export deiner personenbezogenen Daten bei uns anfordern, inklusive aller Daten, die du uns mitgeteilt hast. Dar\u00fcber hinaus kannst du die L\u00f6schung aller personenbezogenen Daten, die wir von dir gespeichert haben, anfordern. Dies umfasst nicht die Daten, die wir aufgrund administrativer, rechtlicher oder sicherheitsrelevanter Notwendigkeiten aufbewahren m\u00fcssen.<\/p>\n<h2>Wohin wir deine Daten senden<\/h2>\n<p>Besucher-Kommentare k\u00f6nnten von einem automatisierten Dienst zur Spam-Erkennung untersucht werden.<\/p>\n<h2>Deine Kontakt-Informationen<\/h2>\n<p class=\"privacy-policy-tutorial\"><span style=\"text-align: left; color: #292b2c; text-transform: none; line-height: inherit; text-indent: 0px; letter-spacing: normal; font-family: 'Cairo',Arial,sans-serif; font-size: 100%; font-style: inherit; font-variant: inherit; font-weight: inherit; text-decoration: none; word-spacing: 0px; display: inline !important; white-space: normal; orphans: 2; font-size-adjust: none; font-stretch: inherit; float: none; -webkit-text-stroke-width: 0px;\">Wir sind nicht zur Bestellung eines Datenschutzbeauftragten verpflichtet. Bei Fragen zum Thema Datenschutz kontaktieren sie uns bitte unter: <a href=\"mailto:info@ebnerbaeck.de\">info@ebnerbaeck.de<\/a><\/span><\/p>\n<div id=\"content\" class=\"datenschutz\">\n<h2 class=\"container\">Grundlegendes zur Verarbeitung von personenbezogenen Daten<\/h2>\n<p>Wir erheben und verarbeiten personenbezogene Daten unserer Nutzer nur, soweit dies zur Bereitstellung einer funktionsf\u00e4higen Webseite bzw. der Erbringung von Leistungen unseres Unternehmens erforderlich ist. Die Verarbeitung erfolgt nur mit ihrer Einwilligung, oder sofern es eine gesetzliche Vorschriften gestattet oder verpflichtet.<\/p>\n<p>Dabei hat die Sicherheit Ihrer personenbezogenen Daten f\u00fcr uns eine hohe Priorit\u00e4t. Wir sch\u00fctzen daher ihre Daten durch technische und organisatorische Ma\u00dfnahmen, um einem Missbrauch der Nutzung vorzubeugen. Die getroffenen Ma\u00dfnahmen \u00fcberpr\u00fcfen wir regelm\u00e4\u00dfig und passen diese aktuellen technischen Gegebenheiten an. Dar\u00fcber hinaus verpflichten wir alle Mitarbeiter auf Vertraulichkeit nach \u00a728 DSGVO.<\/p>\n<h2 class=\"container\"><strong>Zwecke und Rechtsgrundlage der Verarbeitung, Weitergabe an Dritte und ins Ausland<\/strong><\/h2>\n<p>Ihre Daten verarbeiten wir f\u00fcr folgende Zwecke:<\/p>\n<ul>\n<li>Erf\u00fcllen von neuen oder bestehenden Vertragsverh\u00e4ltnissen oder zur Durchf\u00fchrung von vorvertraglichen Ma\u00dfnahmen, z.B. das Erstellen von Angeboten<\/li>\n<li>Bearbeiten von Anfragen, z.B. im Rahmen unserer Kernt\u00e4tigkeit oder f\u00fcr Bewerbungsschreiben<\/li>\n<li>Bereitstellung von Telemedien, z.B. unserer Webseite oder E-Mail<\/li>\n<\/ul>\n<p>Dabei verarbeiten wir die Daten aufgrund der Rechtsgrundlagen des Art. 6 Abs. 1 DSGVO:<\/p>\n<ul>\n<li>Art. 6 Abs. 1 lit. a DSGVO: Verarbeitungsvorg\u00e4nge, die auf ihrer Einwilligung beruhen<\/li>\n<li>Art. 6 Abs. 1 lit. b DSGVO: Verarbeitungsvorg\u00e4nge zur Erf\u00fcllung eines Vertrages bzw. vorvertraglicher Ma\u00dfnahmen, z.B. ein Kauf- oder Dienstleistungsvertrag bzw. die Einholung eines Angebots<\/li>\n<li>Art. 6 Abs. 1 lit. c DSGVO: Verarbeitungsvorg\u00e4nge, zu denen wir rechtlich verpflichtet sind, z.B. die Aufbewahrung aus steuerlichen Gr\u00fcnden<\/li>\n<li>Art. 6 Abs. 1 lit. f DSGVO: Verarbeitungsvorg\u00e4nge, die wir auf Grundlage unserer berechtigen Interessen durchf\u00fchren, z.B. die Weitergabe ihrer Daten an Postdienstleister zwecks Versendung von Post oder an einen Steuerberater. Hierzu geh\u00f6rt auch das Speichern von Informationen zur Webseitennutzung zum Zwecke der Optimierung unserer Webseite.<\/li>\n<\/ul>\n<p>Auch die Weitergabe ihrer Daten an Dritte st\u00fctzt sich auf die obigen Erlaubnistatbest\u00e4nde und erfolgt nur im Rahmen eines Auftragsverarbeitungsvertrages oder sofern andere Verschwiegenheitsverpflichtungen bestehen, hierzu geh\u00f6ren Berufsgeheimnistr\u00e4ger oder Versanddienstleister. Sofern eine \u00dcbermittlung in Drittl\u00e4nder au\u00dferhalb des europ\u00e4ischen Wirtschaftsraumes stattfindet, liegt ein entsprechender Angemessenheitsbeschluss gem\u00e4\u00df Art. 45 DSGVO des jeweiligen Drittlandes vor (z.B. f\u00fcr die Schweiz) oder entsprechende Garantien der Empf\u00e4nger nach Art. 46 DSGVO, z.B. eine Zertifizierung im Rahmen des Privacy Shield f\u00fcr Unternehmen in den USA.<\/p>\n<h2 class=\"container\"><strong>Dauer der Speicherung, L\u00f6schung personenbezogener Daten<\/strong><\/h2>\n<p>Personenbezogene Daten werden nur f\u00fcr den Zeitraum verarbeitet und gespeichert, der zur Erf\u00fcllung der Verarbeitungszwecke erforderlich ist. Nach Erf\u00fcllung des Zwecks werden ihre Daten bei uns gel\u00f6scht oder gesperrt, sofern wir keiner gesetzlichen Speicherpflicht mehr unterliegen.<\/p>\n<h2 class=\"container\"><strong>Erhebung von Zugriffsdaten und Logfiles<\/strong><\/h2>\n<p>Wir erheben \u00fcber jeden Serverzugriff Zugriffsdaten (Logdateien) auf Grundlage unserer berechtigten Interessen gem\u00e4\u00df Art. 6 Abs. 1 lit. f. DSGVO. Hierzu geh\u00f6ren Name der abgerufenen Webseite, Datum und Uhrzeit des Abrufs, \u00fcbertragene Datei und Datenmenge, Meldung \u00fcber den Abruferfolg oder -misserfolg, Browsertyp und Browserversion, das Betriebssystem, Referrer URL (die vorher besuchte Seite) sowie ihre IP-Adresse.<\/p>\n<p>Logdateien werden aus Sicherheitsgr\u00fcnden (z.B. zur Aufkl\u00e4rung von Straftaten) erhoben und f\u00fcr eine Dauer von 7 Tagen gespeichert und im Anschluss gel\u00f6scht. Sofern Daten zu Beweiszwecken weiterhin erforderlich sind, werden diese bis zur endg\u00fcltigen Kl\u00e4rung des jeweiligen Vorfalls von der L\u00f6schung ausgenommen.<\/p>\n<p>Um eine schnelle und stabile Anbindung zu gew\u00e4hrleisten, haben wir das Hosting an einen externen Dienstleister ausgegliedert. Dieser verarbeitet die oben genannten Logdaten nach unseren Vorgaben. Die Weitergabe erfolgt aufgrund unseres berechtigten Interesses nach Art. 6 Abs. 1 lit. f DSGVO i.V.m. Art. 28 DSGVO.<\/p>\n<h2 class=\"container\"><strong>Verwendung von Cookies und Trackinginformationen<\/strong><\/h2>\n<p>Bei Cookies handelt es sich um Dateien, die vom Internetbrowser auf dem Computersystem des Nutzers gespeichert werden. Beim Aufruf dieser Webseite werden Cookies im Browser-Speicher der betroffenen Person gespeichert werden.<\/p>\n<p>Sie k\u00f6nnen die Speicherung von Cookies im Browser unterbinden, die Seite wird dann u.U. jedoch nur eingeschr\u00e4nkt funktionieren. Sinnvoller ist an dieser Stelle die Einstellung zur L\u00f6schung aller Cookies nach Beendigung der jeweiligen Browser-Sitzung, was auf unserer Seite ohne Einschr\u00e4nkung funktioniert und ein Wiedererkennen beim n\u00e4chsten Besuch mit allen f\u00fcr sie positiven und negativen Konsequenzen unterbindet.<\/p>\n<p>Wir verwenden technische Cookies, da dies technisch notwendig f\u00fcr den Betrieb der angebotenen Dienstleistung ist gem\u00e4\u00df Art 6 Abs. 1 lit. f DSGVO, d.h. zur Wahrung unseres berechtigten Interesses. Technische Cookies dienen dazu, einen Benutzer bei erneutem Aufruf der Webseite wiederzuerkennen und so z.B. get\u00e4tigte Spracheinstellungen, einen Warenkorb o.\u00e4. \u00fcber eine Surf-Sitzung hinaus zu speichern.<\/p>\n<h2 class=\"container\"><strong>Verwendung von Google Analytics<\/strong><\/h2>\n<p>Wir nutzen auf unserer Webseite Google Analytics. Google Analytics ist ein Webanalysedienst der Google Inc.. Google verwendet Cookies. Die mittels Cookies erzeugten Informationen \u00fcber die Nutzung der Webseite werden in der Regel an einen Server von Google in den USA \u00fcbertragen und dort gespeichert.<\/p>\n<p>Google nutzt diese Informationen in unserem Auftrag, um die Nutzung unseres Onlineangebotes auszuwerten und um weitere mit der Nutzung dieses Onlineangebotes und der Internetnutzung verbundene Dienstleistungen uns gegen\u00fcber zu erbringen.<\/p>\n<p>Wir haben Google Analytics um den Code \u201eanonymizeIP\u201c erweitert. Das bedeutet, die IP-Adresse der Nutzer wird von Google innerhalb von Mitgliedstaaten der Europ\u00e4ischen Union oder in anderen Vertragsstaaten des Abkommens \u00fcber den Europ\u00e4ischen Wirtschaftsraum gek\u00fcrzt. In Ausnahmef\u00e4llen wird die volle IP-Adresse an einen Server von Google in den USA \u00fcbertragen und dort gek\u00fcrzt. Durch die Code-Erweiterung \u201eanonymizeIp\u201c werden die letzten 8bit der IP-Adresse der Nutzer gekappt. Durch den Einsatz dieses Codes ist nur noch eine grobe Lokalisierung der Nutzer m\u00f6glich. Die von dem Browser des Nutzers \u00fcbermittelte IP-Adresse wird nicht mit anderen Daten von Google zusammengef\u00fchrt.<\/p>\n<p>Die Speicherung der Cookies k\u00f6nnen Sie durch eine entsprechende Einstellung Ihrer Browser-Software verhindern. Eventuell k\u00f6nnen dann nicht s\u00e4mtliche Funktionen der Webseite vollumf\u00e4nglich genutzt werden.<\/p>\n<p>Au\u00dferdem k\u00f6nnen Sie die Erfassung der durch das Cookie erzeugten und auf Ihre Nutzung des Onlineangebotes bezogenen Daten an Google sowie die Verarbeitung dieser Daten durch Google verhindern, indem Sie das unter dem folgenden Link verf\u00fcgbare Browser-Plugin herunterladen und installieren: <a href=\"http:\/\/tools.google.com\/dlpage\/gaoptout?hl=de\" target=\"_blank\" rel=\"noopener\">http:\/\/tools.google.com\/dlpage\/gaoptout?hl=de<\/a>.<\/p>\n<p>M\u00f6glich ist auch das Setzen eines Opt-Out-Cookies, das die zuk\u00fcnftige Erfassung Ihrer Daten beim Besuch unserer Webseite verhindert. Hinweise zur Einbindung eines Opt-Out-Cookies finden Sie unter: <a href=\"http:\/\/developers.google.com\/analytics\/devguides\/collection\/gajs\/?hl=de#disable\" target=\"_blank\" rel=\"noopener\">http:\/\/developers.google.com\/analytics\/devguides\/collection\/gajs\/?hl=de#disable<\/a>.<\/p>\n<p>Weitere Informationen zur Datennutzung durch Google, Einstellungen und Widerspruchsm\u00f6glichkeiten erhalten Sie auf den Webseiten von Google: <a href=\"https:\/\/www.google.com\/intl\/de\/policies\/privacy\/partners\/\" target=\"_blank\" rel=\"noopener\">https:\/\/www.google.com\/intl\/de\/policies\/privacy\/partners\/<\/a> (\u201eDatennutzung durch Google bei Ihrer Nutzung von Webseiten oder Apps unserer Partner\u201c), <a href=\"http:\/\/www.google.com\/policies\/technologies\/ads\" target=\"_blank\" rel=\"noopener\">http:\/\/www.google.com\/policies\/technologies\/ads<\/a> (\u201eWerbung\u201c).<\/p>\n<h2 class=\"container\"><strong>Kontaktaufnahme<\/strong><\/h2>\n<p>Bei einer Kontaktaufnahme (z.B. via Kontaktformular, E-Mail, Telefon oder via sozialer Netzwerke) werden die personenbezogenen Daten des Nutzers zur Bearbeitung der Kontaktanfrage gem. Art. 6 Abs. 1 lit. b DSGVO, d.h. zur Erf\u00fcllung eines Vertrags oder vorvertraglicher Ma\u00dfnahmen verarbeitet. Hierzu werden ihre Daten ggf. in ein Kundenverwaltungsprogramm (CRM-System) \u00fcberf\u00fchrt. Bitte nehmen sie zur Kenntnis, dass wir gem\u00e4\u00df der GoBD zur E-Mail-Archivierung verpflichtet sind; eine vollst\u00e4ndige L\u00f6schung uns \u00fcbersandter E-Mails (aus unserem Archivsystem) ist daher nicht m\u00f6glich. Informationen, die \u00fcber unser Kontaktformular auf unserer Webseite \u00fcbertragenen werden, sind entsprechend den Vorgaben aus TMG \u00a713 Abs. 7 sicher verschl\u00fcsselt.<\/p>\n<h2 class=\"container\"><strong>Aktualisierung der Datenschutzerkl\u00e4rung<\/strong><\/h2>\n<p>Wir aktualisieren diese Datenschutzerkl\u00e4rung von Zeit zu Zeit im Hinblick auf neue gesetzliche Grundlagen oder Rechtsprechungen oder ver\u00e4nderte Verarbeitung in unserem Unternehmen. Wir behalten uns \u00c4nderungen daher ausdr\u00fccklich vor.<\/p>\n<h2 class=\"container\"><strong>Hinweis auf die Betroffenenrechte<\/strong><\/h2>\n<p>Sofern wir personenbezogene Daten von Ihnen verarbeiten, so sind sie Betroffener im Sinne der DSGVO und sie haben folgende Rechte gegen\u00fcber der verantwortlichen Stelle:<\/p>\n<h2 class=\"container\"><i>Recht auf Auskunft und Daten\u00fcbertragbarkeit<\/i><\/h2>\n<p>Sie haben das Recht, eine Auskunft \u00fcber die zu ihrer Person gespeicherten Daten zu verlangen. Sie haben das Recht, die angeforderten Daten in einem g\u00e4ngigen, maschinenlesbaren Format zu erhalten.<\/p>\n<h2 class=\"container\"><i>Recht auf Berichtigung<\/i><\/h2>\n<p>Sie haben das Recht, von dem Verantwortlichen die Berichtigung sie betreffender unrichtiger personenbezogener Daten zu verlangen. Unter Ber\u00fccksichtigung der Zwecke der Verarbeitung haben sie das Recht, die Vervollst\u00e4ndigung unvollst\u00e4ndiger personenbezogener Daten zu verlangen.<\/p>\n<h2 class=\"container\"><i>Recht auf Einschr\u00e4nkung<\/i><\/h2>\n<p>Unter den folgenden Voraussetzungen k\u00f6nnen sie die Einschr\u00e4nkung der Verarbeitung der sie betreffenden personenbezogenen Daten verlangen:<\/p>\n<ul>\n<li>Die Richtigkeit der personenbezogenen Daten wird von der betroffenen Person bestritten, und zwar f\u00fcr eine Dauer, die es dem Verantwortlichen erm\u00f6glicht, die Richtigkeit der personenbezogenen Daten zu \u00fcberpr\u00fcfen.<\/li>\n<li>Die Verarbeitung ist unrechtm\u00e4\u00dfig und die betroffene Person lehnt die L\u00f6schung der personenbezogenen Daten ab und verlangt stattdessen die Einschr\u00e4nkung der Nutzung der personenbezogenen Daten.<\/li>\n<li>Der Verantwortliche ben\u00f6tigt die personenbezogenen Daten f\u00fcr die Zwecke der Verarbeitung nicht l\u00e4nger, die betroffene Person ben\u00f6tigt sie jedoch zur Geltendmachung, Aus\u00fcbung oder Verteidigung von Rechtsanspr\u00fcchen, oder wenn<\/li>\n<li>die betroffene Person Widerspruch gegen die Verarbeitung einlegt, solange noch nicht feststeht, ob die berechtigten Gr\u00fcnde des Verantwortlichen gegen\u00fcber denen der betroffenen Person \u00fcberwiegen.<\/li>\n<\/ul>\n<p>Wurde die Verarbeitung eingeschr\u00e4nkt, so d\u00fcrfen diese personenbezogenen Daten \u2013 von ihrer Speicherung abgesehen \u2013 nur mit Einwilligung der betroffenen Person oder zur Geltendmachung, Aus\u00fcbung oder Verteidigung von Rechtsanspr\u00fcchen oder zum Schutz der Rechte einer anderen nat\u00fcrlichen oder juristischen Person oder aus Gr\u00fcnden eines wichtigen \u00f6ffentlichen Interesses der Union oder eines Mitgliedstaats verarbeitet werden. Wir informieren sie, bevor die Einschr\u00e4nkung aufgehoben wird.<\/p>\n<h2 class=\"container\"><i>Recht auf L\u00f6schung<\/i><\/h2>\n<p>Unter den folgenden Voraussetzungen k\u00f6nnen sie die L\u00f6schung der Verarbeitung der sie betreffenden personenbezogenen Daten verlangen:<\/p>\n<ul>\n<li>Die personenbezogenen Daten sind f\u00fcr die Zwecke, f\u00fcr die sie erhoben oder auf sonstige Weise verarbeitet wurden, nicht mehr notwendig.<\/li>\n<li>Die betroffene Person widerruft ihre Einwilligung und es fehlt an einer anderweitigen Rechtsgrundlage f\u00fcr die Verarbeitung.<\/li>\n<li>Die betroffene Person legt Widerspruch gegen die Verarbeitung ein und es liegen keine vorrangigen berechtigten Gr\u00fcnde f\u00fcr die Verarbeitung vor.<\/li>\n<li>Die personenbezogenen Daten wurden unrechtm\u00e4\u00dfig verarbeitet.<\/li>\n<li>Die L\u00f6schung der personenbezogenen Daten ist zur Erf\u00fcllung einer rechtlichen Verpflichtung nach dem Unionsrecht oder dem Recht der Mitgliedstaaten erforderlich, dem der Verantwortliche unterliegt.<\/li>\n<li>Die personenbezogenen Daten wurden in Bezug auf die Nutzung von Webdiensten erhoben.<\/li>\n<\/ul>\n<h2 class=\"container\"><i>Recht auf Widerruf einer Einwilligungserkl\u00e4rung<\/i><\/h2>\n<p>Sie haben das Recht, eine Einwilligung in die Verarbeitung von personenbezogenen Daten jederzeit zu widerrufen. Durch den Widerruf der Einwilligung wird die Rechtm\u00e4\u00dfigkeit der aufgrund der Einwilligung bis zum Widerruf erfolgten Verarbeitung nicht ber\u00fchrt.<\/p>\n<h2 class=\"container\"><i>Recht auf Unterrichtung<\/i><\/h2>\n<p>Haben sie das Recht auf Berichtigung, L\u00f6schung oder Einschr\u00e4nkung der Verarbeitung geltend gemacht, sind wir verpflichtet allen Empf\u00e4ngern, an den diese Daten weitergegeben wurden ebenfalls \u00fcber die Berichtigung, L\u00f6schung oder Einschr\u00e4nkung der Daten mitzuteilen, es sei denn dies ist mit einem unverh\u00e4ltnism\u00e4\u00dfig hohen Aufwand verbunden oder unm\u00f6glich.<\/p>\n<h2 class=\"container\"><strong>Widerspruchsrecht<\/strong><\/h2>\n<p>Sie haben das Recht, aus Gr\u00fcnden, die sich aus ihrer besonderen Situation ergeben, jederzeit gegen die Verarbeitung sie betreffender personenbezogener Daten Widerspruch einzulegen; dies gilt auch f\u00fcr ein auf diese Bestimmungen gest\u00fctztes Profiling. Der Verantwortliche verarbeitet die personenbezogenen Daten nicht mehr, es sei denn, er kann zwingende schutzw\u00fcrdige Gr\u00fcnde f\u00fcr die Verarbeitung nachweisen, die die Interessen, Rechte und Freiheiten der betroffenen Person \u00fcberwiegen, oder die Verarbeitung dient der Geltendmachung, Aus\u00fcbung oder Verteidigung von Rechtsanspr\u00fcchen.<br \/>\nWerden personenbezogene Daten verarbeitet, um Direktwerbung zu betreiben, so haben sie das Recht, jederzeit Widerspruch gegen die Verarbeitung sie betreffender personenbezogener Daten zum Zwecke derartiger Werbung einzulegen; dies gilt auch f\u00fcr das Profiling, soweit es mit solcher Direktwerbung in Verbindung steht.<\/p>\n<h2 class=\"container\"><strong>Automatisierte Entscheidung im Einzelfall einschlie\u00dflich Profiling<\/strong><\/h2>\n<p>Sie haben das Recht, nicht einer ausschlie\u00dflich auf einer automatisierten Verarbeitung \u2013 einschlie\u00dflich Profiling \u2013 beruhenden Entscheidung unterworfen zu werden, die Ihnen gegen\u00fcber rechtliche Wirkung entfaltet oder Sie in \u00e4hnlicher Weise erheblich beeintr\u00e4chtigt. Dies gilt nicht, wenn die Entscheidung<\/p>\n<ul>\n<li>f\u00fcr den Abschluss oder die Erf\u00fcllung eines Vertrags zwischen Ihnen und dem Verantwortlichen erforderlich ist,<\/li>\n<li>aufgrund von Rechtsvorschriften der Union oder der Mitgliedstaaten, denen der Verantwortliche unterliegt, zul\u00e4ssig ist und diese Rechtsvorschriften angemessene Ma\u00dfnahmen zur Wahrung Ihrer Rechte und Freiheiten sowie Ihrer berechtigten Interessen enthalten oder<\/li>\n<li>mit Ihrer ausdr\u00fccklichen Einwilligung erfolgt.<\/li>\n<\/ul>\n<p>Entscheidungen nach Absatz 2 d\u00fcrfen nicht auf besonderen Kategorien personenbezogener Daten nach Art. 9 Abs. DSGVO Absatz 1 beruhen, sofern nicht Art. 9 Abs. 2 lit. a oder g DSGVO gilt und angemessene Ma\u00dfnahmen zum Schutz der Rechte und Freiheiten sowie der berechtigten Interessen der betroffenen Person getroffen wurden.<br \/>\nHinsichtlich der in (1) und (3) genannten F\u00e4lle trifft der Verantwortliche angemessene Ma\u00dfnahmen, um die Rechte und Freiheiten sowie Ihre berechtigten Interessen zu wahren, wozu mindestens das Recht auf Erwirkung des Eingreifens einer Person seitens des Verantwortlichen, auf Darlegung des eigenen Standpunkts und auf Anfechtung der Entscheidung geh\u00f6rt.<\/p>\n<h2 class=\"container\"><strong>Recht auf Beschwerde bei einer Aufsichtsbeh\u00f6rde<\/strong><\/h2>\n<p>Sie haben das Recht auf Beschwerde bei einer Aufsichtsbeh\u00f6rde, unbeschadet eines anderweitigen verwaltungsrechtlichen oder gerichtlichen Rechtsbehelfs, insbesondere in dem Mitgliedstaat ihres gew\u00f6hnlichen Aufenthaltsorts, ihres Arbeitsplatzes oder des Orts des mutma\u00dflichen Versto\u00dfes, wenn Sie der Ansicht sind, dass die Verarbeitung der Sie betreffenden personenbezogenen Daten gegen die DSGVO verst\u00f6\u00dft.<br \/>\nDie Aufsichtsbeh\u00f6rde, bei der die Beschwerde eingereicht wurde, unterrichtet den Beschwerdef\u00fchrer \u00fcber den Stand und die Ergebnisse der Beschwerde einschlie\u00dflich der M\u00f6glichkeit eines gerichtlichen Rechtsbehelfs nach Art. 78 DSGVO.<\/p>\n<h2 class=\"container\"><strong>Nichtbereitstellung personenbezogener Daten<\/strong><\/h2>\n<p>Sofern sie uns personenbezogene Daten, die wir f\u00fcr vertragliche Zwecke ben\u00f6tigen nicht bereitstellen, so hat diese Nichtbereitstellung im Allgemeinen zur Folge, dass der Vertrag nicht geschlossen werden kann. Wir k\u00f6nnen sie im Einzelfall dar\u00fcber aufkl\u00e4ren, ob eine Bereitstellung gesetzlich verpflichtend oder vertraglich vorgeschrieben ist und welche Folgen die Nichtbereitstellung im Einzelfall h\u00e4tte.<\/p>\n<\/div>\n","protected":false},"excerpt":{"rendered":"<p>Wer wir sind Martin Ebner B\u00e4ckerei-Konditorei Hauptstr. 12 68794 Oberhausen-Rheinhausen Die Adresse unserer Website ist: http:\/\/ebnerbaeck.de. Welche personenbezogenen Daten wir sammeln und warum wir sie sammeln Diese Webseite wurde mit WordPress erstellt. Standardm\u00e4\u00dfig sammelt WordPress keine personenbezogenen Daten \u00fcber Benutzer und sammelt nur die Daten, die im Profil eines registrierten Benutzers angezeigt werden. Kommentare Wenn &hellip; <\/p>\n<p class=\"link-more\"><a href=\"http:\/\/ebnerbaeck.de\/?page_id=3\" class=\"more-link\"><span class=\"screen-reader-text\">\u201eDatenschutzerkl\u00e4rung\u201c <\/span>weiterlesen<\/a><\/p>\n","protected":false},"author":1,"featured_media":0,"parent":0,"menu_order":0,"comment_status":"closed","ping_status":"open","template":"","meta":{"footnotes":""},"class_list":["post-3","page","type-page","status-publish","hentry"],"_links":{"self":[{"href":"http:\/\/ebnerbaeck.de\/index.php?rest_route=\/wp\/v2\/pages\/3","targetHints":{"allow":["GET"]}}],"collection":[{"href":"http:\/\/ebnerbaeck.de\/index.php?rest_route=\/wp\/v2\/pages"}],"about":[{"href":"http:\/\/ebnerbaeck.de\/index.php?rest_route=\/wp\/v2\/types\/page"}],"author":[{"embeddable":true,"href":"http:\/\/ebnerbaeck.de\/index.php?rest_route=\/wp\/v2\/users\/1"}],"replies":[{"embeddable":true,"href":"http:\/\/ebnerbaeck.de\/index.php?rest_route=%2Fwp%2Fv2%2Fcomments&post=3"}],"version-history":[{"count":3,"href":"http:\/\/ebnerbaeck.de\/index.php?rest_route=\/wp\/v2\/pages\/3\/revisions"}],"predecessor-version":[{"id":258,"href":"http:\/\/ebnerbaeck.de\/index.php?rest_route=\/wp\/v2\/pages\/3\/revisions\/258"}],"wp:attachment":[{"href":"http:\/\/ebnerbaeck.de\/index.php?rest_route=%2Fwp%2Fv2%2Fmedia&parent=3"}],"curies":[{"name":"wp","href":"https:\/\/api.w.org\/{rel}","templated":true}]}}